{"id":3,"date":"2023-06-01T16:08:11","date_gmt":"2023-06-01T16:08:11","guid":{"rendered":"http:\/\/passionenatura.cambia-marketing.it\/?page_id=3"},"modified":"2023-07-06T08:02:07","modified_gmt":"2023-07-06T08:02:07","slug":"privacy-policy","status":"publish","type":"page","link":"https:\/\/agriturismopassionenatura.com\/de\/privacy-policy\/","title":{"rendered":"Privacy Policy"},"content":{"rendered":"<div data-elementor-type=\"wp-page\" data-elementor-id=\"3\" class=\"elementor elementor-3\" data-elementor-post-type=\"page\">\n\t\t\t\t\t\t<section class=\"elementor-section elementor-top-section elementor-element elementor-element-38768304 elementor-section-boxed elementor-section-height-default elementor-section-height-default\" data-id=\"38768304\" data-element_type=\"section\">\n\t\t\t\t\t\t<div class=\"elementor-container elementor-column-gap-default\">\n\t\t\t\t\t<div class=\"elementor-column elementor-col-100 elementor-top-column elementor-element elementor-element-200b43a9\" data-id=\"200b43a9\" data-element_type=\"column\">\n\t\t\t<div class=\"elementor-widget-wrap elementor-element-populated\">\n\t\t\t\t\t\t<div class=\"elementor-element elementor-element-1017f870 elementor-widget elementor-widget-text-editor\" data-id=\"1017f870\" data-element_type=\"widget\" data-widget_type=\"text-editor.default\">\n\t\t\t\t<div class=\"elementor-widget-container\">\n\t\t\t<style>\/*! elementor - v3.19.0 - 28-02-2024 *\/\n.elementor-widget-text-editor.elementor-drop-cap-view-stacked .elementor-drop-cap{background-color:#69727d;color:#fff}.elementor-widget-text-editor.elementor-drop-cap-view-framed .elementor-drop-cap{color:#69727d;border:3px solid;background-color:transparent}.elementor-widget-text-editor:not(.elementor-drop-cap-view-default) .elementor-drop-cap{margin-top:8px}.elementor-widget-text-editor:not(.elementor-drop-cap-view-default) .elementor-drop-cap-letter{width:1em;height:1em}.elementor-widget-text-editor .elementor-drop-cap{float:left;text-align:center;line-height:1;font-size:50px}.elementor-widget-text-editor .elementor-drop-cap-letter{display:inline-block}<\/style>\t\t\t\t<!-- wp:heading -->\n<div class=\"et_pb_module et_pb_text et_pb_text_0  et_pb_text_align_left et_pb_bg_layout_light\">\n<div class=\"et_pb_text_inner\">\n<h1>Privacy Policy e Cookie Policy<\/h1>\n<\/div>\n<\/div>\n<div class=\"et_pb_module et_pb_text et_pb_text_1  et_pb_text_align_left et_pb_bg_layout_light\">\n<div class=\"et_pb_text_inner\">\n<p>\u00a0<\/p>\n<div class=\"et_pb_module et_pb_text et_pb_text_1  et_pb_text_align_left et_pb_bg_layout_light\">\n<div class=\"et_pb_text_inner\">\n<p><strong>Titolare del Trattamento dei Dati<\/strong><br \/>Urbano Marianna\u2013 Localit\u00e0 Zingarelle \u2013 C.da Macinino snc 71049 \u2013 Vieste (FG)<br \/>aziendaagricolamariannaurbano@gmail.com\u00a0\u2013\u00a0(+39) 347 36 47 538\u00a0\u2013 P.Iva 04065190714 | CIS FG07106051000023185<\/p>\n<\/div>\n<\/div>\n<div class=\"et_pb_module et_pb_text et_pb_text_2  et_pb_text_align_left et_pb_bg_layout_light\">\n<div class=\"et_pb_text_inner\">\n<div class=\"et_pb_module et_pb_text et_pb_text_0 et_pb_bg_layout_light  et_pb_text_align_left\">\n<div class=\"et_pb_text_inner\">\n<div id=\"1244\">\n<div class=\"testoc\"><b>1. Considerazioni generali<\/b><\/div>\n<\/div>\n<\/div>\n<\/div>\n<div class=\"et_pb_module et_pb_text et_pb_text_1 et_pb_bg_layout_light  et_pb_text_align_left\">\n<div class=\"et_pb_text_inner\">\n<div id=\"1244\">\n<div id=\"testo_1244\" class=\"testoc\">\n<p>La protezione della vostra privacy durante l\u2019uso del nostro sito \u00e8 molto importante per noi. Abbiamo pertanto redatto la presente Privacy Policy con l\u2019obiettivo di spiegare quali informazioni acquisiamo e conserviamo e le modalit\u00e0 con cui tali informazioni possono essere ulteriormente utilizzate da\u00a0<strong>AgriturismoPassioneNatura<\/strong>. Nel presente documento illustriamo inoltre le nostre modalit\u00e0 di utilizzo dei cookie e degli strumenti di analisi sul nostro sito e nell\u2019ambito dei nostri prodotti e servizi.<\/p>\n<p>Accettando la seguente Privacy Policy, acconsentite alla raccolta, al trattamento e all\u2019utilizzo dei vostri dati nel rispetto delle leggi vigenti in materia di protezione dei dati e delle disposizioni riportate di seguito. Vi preghiamo di prendere debita nota del fatto che gli utenti di et\u00e0 inferiore ai 18 anni non possono trasmetterci alcun dato personale n\u00e9 fornire alcuna dichiarazione di consenso in assenza dell\u2019approvazione dei genitori o dei tutori responsabili. Ogni modifica alla nostra Privacy Policy verr\u00e0 pubblicata sul presente sito e gli utenti, ove necessario, verranno informati tramite e-mail.<\/p>\n<p><b>2. I nostri contatti<\/b><b><\/b><\/p>\n<p>Avete delle domande o dei dubbi sulla protezione dei dati operata da\u00a0<strong>AgriturismoPassioneNatura<\/strong><strong>.\u00a0<\/strong>In questo caso vi invitiamo a contattare il nostro responsabile della protezione dei dati, raggiungibile ai recapiti riportati di seguito:<\/p>\n<p>WeebUp \u2013 Web Agency.<\/p>\n<p>Privacy, Legal Service<\/p>\n<p>C.da Macinino snc,<\/p>\n<p>71049 Vieste, (FG)<\/p>\n<p>Il modo pi\u00f9 semplice e rapido per sottoporci le vostre domande \u00e8 scrivere al nostro indirizzo di posta elettronica:aziendaagricolamariannaurbano@gmail.com<\/p>\n<p>\u00a0<\/p>\n<p><b>3. I vostri diritti<\/b><b><\/b><\/p>\n<p>Potete esercitare nei nostri confronti i vostri diritti sulla protezione dei dati in qualsiasi momento e senza alcuna spesa.<\/p>\n<ul>\n<li>Avete il diritto di richiedere la conferma del trattamento dei dati personali che vi riguardano. In tal caso, \u00e8 vostro diritto ottenere l\u2019accesso a tali dati nonch\u00e9 ulteriori informazioni in conformit\u00e0 all\u2019articolo 15 del regolamento generale sulla protezione dei dati (RGPD).<\/li>\n<li>Conformemente all\u2019articolo 16 del RGPD, avete il diritto di ottenere la rettifica dei dati personali inesatti senza ingiustificato ritardo.<\/li>\n<li>Secondo quanto stabilito dall\u2019articolo 17 del RGPD, \u00e8 vostro diritto richiedere che i dati che vi riguardano siano immediatamente cancellati o altrimenti esigere, in conformit\u00e0 all\u2019articolo 18 del RGPD, la limitazione del trattamento dei dati.<\/li>\n<li>Ai sensi dell\u2019articolo 19 del RGPD, avete il diritto di ricevere conferma che tutti i destinatari a cui abbiamo trasmesso i dati personali sono stati debitamente informati circa ogni rettifica, cancellazione o limitazione del trattamento.<\/li>\n<li>Avete il diritto, conformemente all\u2019articolo 20 del RGPD, di ricevere i dati a noi forniti in un formato strutturato, di uso comune e leggibile da dispositivo automatico nonch\u00e9 di trasmetterli a un altro titolare del trattamento.<\/li>\n<li>Avete il diritto di revocare in qualsiasi momento o anche in parte il consenso fornito ai sensi dell\u2019articolo 7, paragrafo 3 del RGPD. Inoltre, visto l\u2019articolo 21 del RGPD, avete il diritto di opporvi al trattamento dei vostri dati personali nel caso in cui essi vengano trattati in virt\u00f9 di interessi legittimi di\u00a0<strong>AgriturismoPassioneNatura<\/strong>. Avete in qualsiasi momento il diritto di rifiutare l\u2019impiego dei vostri dati per attivit\u00e0 di marketing diretto.<\/li>\n<li>Ai sensi dell\u2019articolo 77 del RGPD, avete il diritto di proporre reclamo a un\u2019autorit\u00e0 di controllo, in particolare nello Stato membro in cui risiedete abitualmente oppure nel luogo ove si \u00e8 verificata la presunta violazione.<\/li>\n<\/ul>\n<p><b>4. Dove sono localizzati i vostri dati<\/b><b><\/b><\/p>\n<p>I vostri dati vengono salvati all\u2019interno dello Spazio economico europeo (SEE). Il trattamento dei dati ha luogo anche all\u2019estero, in paesi extraeuropei, entro i limiti consentiti dalla legge. Fatte salve eventuali autorizzazioni legali o contrattuali, trattiamo i dati in un paese terzo solo in presenza dei requisiti specifici indicati all\u2019articolo 44 e seguenti del RGPD, ossia il trattamento avviene ad esempio sulla base di garanzie specifiche, quali la constatazione ufficialmente riconosciuta di un livello di protezione dei dati corrispondente al livello europeo (ad esempio, il Privacy Shield per gli Stati Uniti) o nel rispetto di specifici obblighi contrattuali ufficialmente riconosciuti (le cosiddette clausole contrattuali standard). Per ulteriori informazioni vedere\u00a0<a href=\"https:\/\/eur-lex.europa.eu\/legal-content\/en\/TXT\/?uri=CELEX%3A32010D0087\" target=\"_blank\" rel=\"noopener\">http:\/\/eur-lex.europa.eu\/legal-content\/en\/TXT\/?uri=CELEX%3A32010D0087<\/a>\u00a0e\u00a0<a href=\"https:\/\/eur-lex.europa.eu\/legal-content\/DE\/TXT\/?uri=CELEX:32000D0520\" target=\"_blank\" rel=\"noopener\">https:\/\/eur-lex.europa.eu\/legal-content\/DE\/TXT\/?uri=CELEX:32000D0520<\/a>.<\/p>\n<p><b>5. Trasmissione dei dati<\/b><b><\/b><\/p>\n<p>I vostri dati personali sono trattati con la massima riservatezza. I dati non vengono venduti a terzi n\u00e9 trasmessi a fini commerciali.\u00a0<strong>AgriturismoPassioneNatura<\/strong><strong>\u00a0<\/strong>pu\u00f2 tuttavia rendere accessibili i vostri dati a terzi (i cosiddetti responsabili del trattamento) laddove ci\u00f2 si renda necessario ai fini dell\u2019erogazione ed esecuzione dei nostri servizi. Le categorie di tali terze parti sono elencate nei procedimenti specifici al punto 9. Detti prestatori di servizi sono vincolati all\u2019obbligo della massima riservatezza e possono trattare i dati trasmessi unicamente per i servizi che devono erogare. Ove possibile, i dati vengono prima sottoposti ad anonimizzazione o pseudoanonimizzazione. La trasmissione dei vostri dati personali a destinatari diversi da quelli elencati nella presente Privacy Policy avviene solo laddove vi sia a riguardo un obbligo previsto dalla legge (ad esempio, la trasmissione alle autorit\u00e0).<\/p>\n<p><b>6. Cancellazione dei dati<\/b><b><\/b><\/p>\n<p>Salvo espressamente indicato nel quadro della presente Privacy Policy, i dati archiviati presso la nostra azienda saranno cancellati automaticamente in conformit\u00e0 agli articoli 17 e 18 del RGPD non appena smetteranno di essere necessari ai fini citati nella presente direttiva sulla protezione dei dati e la loro cancellazione non contravvenga ad alcun obbligo legale di conservazione dei dati. Nel caso in cui i dati non vengano cancellati in quanto necessari per altri fini previsti dalla legge, il loro trattamento verr\u00e0 limitato, ossia i dati verranno bloccati e non saranno oggetto di trattamento per altri scopi. Ci\u00f2 si applica, ad esempio, ai dati che devono essere conservati a fini fiscali o commerciali.<\/p>\n<p><b>7. Sicurezza dei dati<\/b><b><\/b><\/p>\n<p><strong>AgriturismoPassioneNatura<\/strong>\u00a0attribuisce grande importanza al trattamento sicuro dei vostri dati personali e ha pertanto adottato adeguate misure di sicurezza dal punto di vista tecnologico ed organizzativo. Proteggiamo i vostri dati dalla perdita, distruzione, modifica, pubblicazione e da accessi non autorizzati. Ci teniamo costantemente in linea con gli avanzamenti tecnologici per garantire un livello di protezione al passo coi tempi. Ove possibile, i dati vengono criptati e resi anonimi affinch\u00e9 non possano essere letti da terzi. Il trattamento e il trasferimento dei dati avvengono mediante l\u2019impiego del sistema SSL (Secure Socket Layer). Ci avvaliamo di strumenti fisici e logici di controllo e limitazione degli accessi, firewall, sistemi di ripristino e test d\u2019integrit\u00e0. I nostri collaboratori partecipano periodicamente ad attivit\u00e0 di formazione sulla gestione attenta dei dati sensibili e sono vincolati al rispetto dell\u2019obbligo di riservatezza sui dati in conformit\u00e0 al quadro normativo vigente.<\/p>\n<p><b>8. Basi giuridiche del trattamento dei dati<\/b><b><\/b><\/p>\n<p>Salvo citazione esplicita della base giuridica nella Privacy Policy, si applica quanto segue: la base giuridica della raccolta e del trattamento dei dati con il vostro consenso \u00e8 costituita dall\u2019articolo 6, paragrafo 1, lettera a e dall\u2019articolo 7 del RGPD. La base giuridica del trattamento ai fini dell\u2019adempimento dei nostri servizi e dell\u2019attuazione di misure (pre)contrattuali nonch\u00e9 della risposta alle domande presentate \u00e8 l\u2019articolo 6, paragrafo 1, lettera b del RGPD. La base giuridica per il trattamento ai fini dell\u2019adempimento dei nostri obblighi giuridici \u00e8 l\u2019articolo 6, paragrafo 1, lettera c del RGPD. Laddove il trattamento dei dati si renda necessario a garanzia di un legittimo interesse della nostra azienda o di terzi, in tal caso l\u2019articolo 6, paragrafo 1, lettera f del RGPD costituisce la base giuridica di detto trattamento. Nel caso in cui incarichiamo terzi del trattamento dei dati sulla base di un cosiddetto accordo di responsabilit\u00e0 del trattamento dei dati , ci\u00f2 avviene sulla base dell\u2019articolo 28 del RGPD.<\/p>\n<p><b>9. Quando e in che modo trattiamo i dati personali?<\/b><b><\/b><\/p>\n<p>Trattiamo i vostri dati personali per garantire la fruizione corretta dei nostri servizi e per migliorarli costantemente. Utilizziamo altres\u00ec i vostri dati per ricevere ordini e richieste ed effettuare consegne a domicilio. E\u2019 possibile classificare le finalit\u00e0 del trattamento nelle seguenti categorie:<\/p>\n<p><b>9.1<\/b>\u00a0<b>Erogazione del sito<\/b><\/p>\n<p>Finalit\u00e0 e ambito del trattamento dei dati<\/p>\n<p>In linea di principio, non salviamo alcun dato personale quando visitate semplicemente il nostro sito. Con i cosiddetti file di registro del server, i nostri server Web protocollano meramente i dati di accesso senza riferimenti a persone, quali l\u2019indirizzo IP, la versione del vostro browser e sistema operativo, la pagina visitata in precedenza (il cosiddetto URL del referrer), la pagina consultata e il momento della visualizzazione. La raccolta e il trattamento di tali dati avviene allo scopo di consentire la fruizione del nostro sito (connessione) e di garantirne la sicurezza e stabilit\u00e0 di sistema nonch\u00e9 per le funzioni di amministrazione tecnica dell\u2019infrastruttura di rete. Tali dati non ci consentono di risalire in alcun modo alla vostra persona.<\/p>\n<p>Periodo di conservazione e accesso ai dati<\/p>\n<p>Le informazioni dei file di registro vengono conservate per ragioni di sicurezza (ad esempio per l\u2019analisi di eventuali abusi o frodi) per una durata massima di 7 giorni, a seguito dei quali vengono cancellate in automatico.<\/p>\n<p>Non viene operata alcuna trasmissione di tali dati a terzi, salvo nel caso in cui ci\u00f2 sia necessario per l\u2019erogazione dei nostri servizi (ad esempio, provider di hosting, imprese di analisi Web per la valutazione del comportamento online generale dei nostri utenti).<\/p>\n<p>Base giuridica e possibilit\u00e0 di opposizione<\/p>\n<p>Come fondamento giuridico dell\u2019archiviazione sui nostri server (file di registro del server) per ogni accesso indichiamo l\u2019articolo 6, paragrafo 1, lettera f del RGPD e i nostri interessi legittimi, quali l\u2019ottimizzazione dei servizi ovvero la tutela da abusi mediante usi non autorizzati.<\/p>\n<p>\u00a0<\/p>\n<p>La registrazione dei dati per l\u2019erogazione del sito e l\u2019archiviazione dei dati in file di registro sono operazioni indispensabili per la gestione del sito Internet. Non vi \u00e8 pertanto alcuna possibilit\u00e0 di opposizione da parte dell\u2019utente.<\/p>\n<p>\u00a0<\/p>\n<p><b>10. Cookie, strumenti per l\u2019analisi e applicazioni dei social media<\/b><b><\/b><\/p>\n<p><b>10.1 Cookie<\/b><b><\/b><\/p>\n<p>Finalit\u00e0 e ambito del trattamento dei dati<\/p>\n<p>I cookie sono piccoli file che consentono di salvare sul dispositivo dal quale l\u2019utente accede (PC, smartphone o simili) informazioni specifiche sul dispositivo stesso nonch\u00e9 di recuperare tali informazioni quando l\u2019utente ritorna sullo stesso sito. I cookie servono a migliorare la vostra esperienza online sul nostro sito, in quanto ci permettono di renderlo pi\u00f9 semplice da usare, pi\u00f9 veloce e pi\u00f9 sicuro. Inoltre, analizzando in modo anonimo come utilizzate il nostro sito Web, vengono impiegati anche per scopi pubblicitari e per condurre indagini di mercato. Utilizziamo i cookie ai sensi dell\u2019art. 6, paragrafo 1, lettera f del RGPD sulla base dei nostri legittimi interessi relativi all\u2019analisi, all\u2019ottimizzazione e alla gestione a fini commerciali del nostro negozio online.<\/p>\n<p>Sono considerati \u201ccookie di terze parti\u201d i cookie forniti da provider diversi dal responsabile che gestisce l\u2019offerta online. I cookie sono detti \u201cpermanenti\u201d o \u201cpersistenti\u201d se restano salvati anche dopo la chiusura del browser. Utilizziamo principalmente i cosiddetti \u201ccookie di sessione\u201d, che vengono cancellati automaticamente dopo la vostra visita. A seconda delle finalit\u00e0 per le quali vengono utilizzati, si distingue tra le seguenti categorie di cookie:<\/p>\n<ul>\n<li><b>Cookie tecnici \/ richiesti<\/b>: tali cookie sono\u00a0funzionali, ovvero assolutamente necessari per garantire le funzionalit\u00e0 essenziali del sito. Ad esempio permettono la navigazione sul sito; di conseguenza non possono essere disattivati.<\/li>\n<li><b>Cookie analitici \/ prestazionali<\/b>: tali cookie riguardano\u00a0le performance\u00a0e consentono di migliorare le funzionalit\u00e0 del sito Web. Possono, ad esempio, aumentare la velocit\u00e0, salvare le impostazioni della pagina da voi selezionate o la vostra lista dei desideri. I cookie analitici vengono altres\u00ec utilizzati per effettuare valutazioni statistiche sull\u2019utilizzo del sito Web e per migliorarlo. Impedendo il salvataggio di questi cookie E\u2019 possibile che il sito risponda pi\u00f9 lentamente o che determinate funzioni siano limitate.<\/li>\n<li><b>Cookie pubblicitari \/ traccianti<\/b>: hanno lo scopo di creare dei profili utente e vengono utilizzati per inviare all\u2019utente pubblicit\u00e0 in base al suo comportamento sul browser. Utilizziamo i cookie traccianti per analizzare le preferenze dei visitatori (ad esempio quali pagine del nostro negozio online ha visitato un cliente e quali prodotti ha visionato). In tal modo possiamo personalizzare la vostra esperienza di acquisto e migliorare le comunicazioni di marketing che vi inviamo. Rifiutando questi cookie, i prodotti che vi vengono suggeriti potrebbero non corrispondere ai vostri interessi.<\/li>\n<\/ul>\n<p>Attraverso i cookie si possono rilevare le seguenti informazioni: indirizzo IP, identificatore univoco (UDID) e modello del dispositivo, dominio, browser utilizzato e lingua selezionata, sistema operativo e impostazioni di sistema, identificatore di un cookie specifico di paese e fuso orario (cookie identifier), informazioni del cookie e altre informazioni, ad esempio se sul vostro dispositivo \u00e8 installato il software necessario per utilizzare determinate funzioni, pagine Internet visitate in precedenza, URL del sito dal quale siete arrivati sul nostro sito, informazioni sull\u2019interazione con le nostre pagine, come ad esempio gli orari di accesso, il percorso seguito dagli utenti sul sito, le preferenze e gli acquisti.<\/p>\n<p>\u00a0<\/p>\n<p><b>10.2 Google Analytics<\/b><b><\/b><\/p>\n<p>Sulla base dei nostri legittimi interessi (ovvero interesse all\u2019analisi, all\u2019ottimizzazione e alla gestione a fini commerciali della nostra offerta online ai sensi dell\u2019art. 6, paragrafo 1, lettera f del RGPD) ci avvaliamo del servizio di analisi web Google Analytics. Google Analytics impiega i cosiddetti \u201ccookie\u201d, file di testo che vengono archiviati sul vostro computer per consentire un\u2019analisi del vostro utilizzo del sito. Google impiega tali informazioni allo scopo di esaminare per nostro conto l\u2019utilizzo del sito, stilare rapporti sulle attivit\u00e0 contenute nella presente offerta online e fornirci ulteriori servizi relativi all\u2019utilizzo dell\u2019offerta online e di Internet. Nell\u2019ambito di tali operazioni, dai dati trattati possono essere creati dei profili di utilizzo dell\u2019utente identificati da pseudonimi. Le informazioni generate dal cookie sull\u2019utilizzo del sito da parte vostra vengono di norma trasmesse a un server di Google negli Stati Uniti, su cui sono archiviate. Su questo sito web \u00e8 attiva l\u2019anonimizzazione dell\u2019indirizzo IP per l\u2019utilizzo di Google Analytics. Ci\u00f2 significa che quando il browser deve trasmettere l\u2019indirizzo IP dell\u2019utente per motivi tecnici, Google procede all\u2019anonimizzazione abbreviando l\u2019indirizzo IP (cancellandone le ultime otto cifre). Solo in casi eccezionali l\u2019indirizzo IP viene trasferito per intero a un server di Google negli Stati Uniti e l\u2019abbreviato. L\u2019indirizzo IP trasmesso dal vostro browser nell\u2019ambito delle attivit\u00e0 di Google Analytics non verr\u00e0 associato ad altri dati in possesso di Google. Google possiede la certificazione Privacy Shield e quindi garantisce il rispetto delle normative europee in materia di tutela dei dati (<a href=\"https:\/\/www.privacyshield.gov\/participant?id=a2zt000000001L5AAI&amp;status=Active\" target=\"_blank\" rel=\"noopener\">https:\/\/www.privacyshield.gov\/participant?id=a2zt000000001L5AAI&amp;status=Active<\/a><\/p>\n<p>Per maggiori informazioni consultare la seguente pagina:<a href=\"https:\/\/www.google.com\/intl\/it_ALL\/analytics\/learn\/privacy.html\" target=\"_blank\" rel=\"noopener\">https:\/\/www.google.com\/intl\/it_ALL\/analytics\/learn\/privacy.html<\/a><\/p>\n<p>Potete disattivare Google Analytics attraverso il seguente collegamento:<a href=\"https:\/\/support.google.com\/analytics\/answer\/181881?hl=it\" target=\"_blank\" rel=\"noopener\">https:\/\/support.google.com\/analytics\/answer\/181881?hl=it<\/a><\/p>\n<p><b>10.3 Utilizzo dei plug-in di Facebook, Instagram, Linkedin e WhatsApp, Pinterest<\/b><b><\/b><\/p>\n<p>I plug-in di Facebook, Instagramm, Linkedin e WhatsApp (di seguito, le \u201cPiattaforme di Social Media\u201d) sono utilizzati sulle nostre pagine internet. I plug-in sono riconoscibili attraverso i relativi loghi aziendali. Quando usate tali plug-in, si crea una connessione con il server della Piattaforma di Social Media e verr\u00e0 mostrata la Piattaforma di Social Media. In questo modo alla Piattaforma di Social Media viene trasmesso il vostro indirizzo IP e viene comunicato quali pagine del nostro sito avete visitato e quando. Se, nello stesso momento, avete fatto log in quale membro nella Piattaforma di Social Media, la Piattaforma di Social Media assegner\u00e0 tale informazione al vostro account personale. Il servizio di social media, attraverso i dati trasmessi, \u00e8 in grado di risalire al vostro nome utente e, in alcuni casi, persino al vostro vero nome e di associare tali informazioni al vostro account personale sul social media. Potete evitare che ci\u00f2 avvenga facendo log out dal vostro account prima di utilizzare il plug-in. Maggiori informazioni sull\u2019acquisizione dei dati e sull\u2019uso degli stessi da parte di Facebook, Twitter ed Instagram e sui vostri diritti e facolt? al riguardo per la protezione della vostra privacy sono disponibili nell\u2019informativa privacy di ciascuna Piattaforma di Social Media.<\/p>\n<p>\u00a0<\/p>\n<p>Privacy e Cookie Policy aggiornata in data 27\/06\/2021<\/p>\n<\/div>\n<\/div>\n<\/div>\n<\/div>\n<\/div>\n<\/div>\n<\/div>\n<\/div>\n<!-- \/wp:paragraph -->\t\t\t\t\t\t<\/div>\n\t\t\t\t<\/div>\n\t\t\t\t\t<\/div>\n\t\t<\/div>\n\t\t\t\t\t<\/div>\n\t\t<\/section>\n\t\t\t\t<\/div>","protected":false},"excerpt":{"rendered":"<p>Privacy Policy e Cookie Policy \u00a0 Titolare del Trattamento dei DatiUrbano Marianna\u2013 Localit\u00e0 Zingarelle \u2013 C.da Macinino snc 71049 \u2013 Vieste (FG)aziendaagricolamariannaurbano@gmail.com\u00a0\u2013\u00a0(+39) 347 36 47 538\u00a0\u2013 P.Iva 04065190714 | CIS FG07106051000023185 1. Considerazioni generali La protezione della vostra privacy durante l\u2019uso del nostro sito \u00e8 molto importante per noi. Abbiamo pertanto redatto la presente Privacy [&hellip;]<\/p>","protected":false},"author":1,"featured_media":0,"parent":0,"menu_order":0,"comment_status":"closed","ping_status":"open","template":"","meta":{"footnotes":""},"class_list":["post-3","page","type-page","status-publish","hentry"],"_links":{"self":[{"href":"https:\/\/agriturismopassionenatura.com\/de\/wp-json\/wp\/v2\/pages\/3","targetHints":{"allow":["GET"]}}],"collection":[{"href":"https:\/\/agriturismopassionenatura.com\/de\/wp-json\/wp\/v2\/pages"}],"about":[{"href":"https:\/\/agriturismopassionenatura.com\/de\/wp-json\/wp\/v2\/types\/page"}],"author":[{"embeddable":true,"href":"https:\/\/agriturismopassionenatura.com\/de\/wp-json\/wp\/v2\/users\/1"}],"replies":[{"embeddable":true,"href":"https:\/\/agriturismopassionenatura.com\/de\/wp-json\/wp\/v2\/comments?post=3"}],"version-history":[{"count":3,"href":"https:\/\/agriturismopassionenatura.com\/de\/wp-json\/wp\/v2\/pages\/3\/revisions"}],"predecessor-version":[{"id":1572,"href":"https:\/\/agriturismopassionenatura.com\/de\/wp-json\/wp\/v2\/pages\/3\/revisions\/1572"}],"wp:attachment":[{"href":"https:\/\/agriturismopassionenatura.com\/de\/wp-json\/wp\/v2\/media?parent=3"}],"curies":[{"name":"wp","href":"https:\/\/api.w.org\/{rel}","templated":true}]}}